{"id":286,"date":"2026-01-23T17:45:06","date_gmt":"2026-01-23T17:45:06","guid":{"rendered":"https:\/\/espiralimaginativo.com.br\/?page_id=286"},"modified":"2026-03-13T17:27:07","modified_gmt":"2026-03-13T17:27:07","slug":"sobre-nos","status":"publish","type":"page","link":"https:\/\/espiralimaginativo.com.br\/index.php\/sobre-nos\/","title":{"rendered":""},"content":{"rendered":"\t\t<div data-elementor-type=\"wp-page\" data-elementor-id=\"286\" class=\"elementor elementor-286\">\n\t\t\t\t<div class=\"elementor-element elementor-element-531cc4f e-flex e-con-boxed wpr-particle-no wpr-jarallax-no wpr-parallax-no wpr-sticky-section-no e-con e-parent\" data-id=\"531cc4f\" data-element_type=\"container\">\n\t\t\t\t\t<div class=\"e-con-inner\">\n\t\t\t\t<div class=\"elementor-element elementor-element-0bba9a1 elementor-widget elementor-widget-heading\" data-id=\"0bba9a1\" data-element_type=\"widget\" data-widget_type=\"heading.default\">\n\t\t\t\t\t<h1 class=\"elementor-heading-title elementor-size-default\">Sobre a Espiral Imaginativo<\/h1>\t\t\t\t<\/div>\n\t\t\t\t\t<\/div>\n\t\t\t\t<\/div>\n\t\t<div class=\"elementor-element elementor-element-615491e e-flex e-con-boxed wpr-particle-no wpr-jarallax-no wpr-parallax-no wpr-sticky-section-no e-con e-parent\" data-id=\"615491e\" data-element_type=\"container\">\n\t\t\t\t\t<div class=\"e-con-inner\">\n\t\t\t\t<div class=\"elementor-element elementor-element-f258dfa elementor-widget elementor-widget-text-editor\" data-id=\"f258dfa\" data-element_type=\"widget\" data-widget_type=\"text-editor.default\">\n\t\t\t\t\t\t\t\t\t<p data-start=\"243\" data-end=\"379\"><span dir=\"auto\" style=\"vertical-align: inherit;\"><span dir=\"auto\" style=\"vertical-align: inherit;\">A Espiral Imaginativo \u00e9 uma consultoria estrat\u00e9gica especializada em editais do Sistema S, como o Sebrae, fomento e Leis de incentivo.<\/span><\/span><\/p><p data-start=\"243\" data-end=\"379\"><span style=\"color: var( --e-global-color-text ); font-family: var( --e-global-typography-text-font-family ), Sans-serif; font-weight: var( --e-global-typography-text-font-weight ); text-align: var(--text-align); font-size: 1rem;\"><span dir=\"auto\" style=\"vertical-align: inherit;\"><span dir=\"auto\" style=\"vertical-align: inherit;\">Atuamos na interface entre criatividade, pol\u00edticas p\u00fablicas e sistemas formais de contrata\u00e7\u00e3o, mudando ideias, conhecimentos e experi\u00eancias em ativos institucionais sustent\u00e1veis.\u00a0<\/span><\/span><\/span><\/p>\t\t\t\t\t\t\t\t<\/div>\n\t\t\t\t\t<\/div>\n\t\t\t\t<\/div>\n\t\t<div class=\"elementor-element elementor-element-8da637e e-flex e-con-boxed wpr-particle-no wpr-jarallax-no wpr-parallax-no wpr-sticky-section-no e-con e-parent\" data-id=\"8da637e\" data-element_type=\"container\">\n\t\t\t\t\t<div class=\"e-con-inner\">\n\t\t\t\t<div class=\"elementor-element elementor-element-9f1aa9c elementor-widget elementor-widget-heading\" data-id=\"9f1aa9c\" data-element_type=\"widget\" data-widget_type=\"heading.default\">\n\t\t\t\t\t<h2 class=\"elementor-heading-title elementor-size-default\">Como atuamos<\/h2>\t\t\t\t<\/div>\n\t\t\t\t\t<\/div>\n\t\t\t\t<\/div>\n\t\t<div class=\"elementor-element elementor-element-5b862a6 e-flex e-con-boxed wpr-particle-no wpr-jarallax-no wpr-parallax-no wpr-sticky-section-no e-con e-parent\" data-id=\"5b862a6\" data-element_type=\"container\">\n\t\t\t\t\t<div class=\"e-con-inner\">\n\t\t\t\t<div class=\"elementor-element elementor-element-e6d7155 elementor-widget elementor-widget-text-editor\" data-id=\"e6d7155\" data-element_type=\"widget\" data-widget_type=\"text-editor.default\">\n\t\t\t\t\t\t\t\t\t<p data-start=\"239\" data-end=\"325\"><span dir=\"auto\" style=\"vertical-align: inherit;\"><span dir=\"auto\" style=\"vertical-align: inherit;\">Nosso m\u00e9todo implica uma Espiral de oportunidades, atuamos de forma orientada por rigor institucional e leitura estrat\u00e9gica de contexto e edital.<\/span><\/span><span dir=\"auto\" style=\"vertical-align: inherit;\"><span dir=\"auto\" style=\"vertical-align: inherit;\">Trabalhamos com an\u00e1lise t\u00e9cnica e jur\u00eddica, desenho de estrat\u00e9gias de entrada e expans\u00e3o, organiza\u00e7\u00e3o documental e acompanhamento respons\u00e1vel dos ciclos de projetos e contratos.<\/span><\/span><\/p>\t\t\t\t\t\t\t\t<\/div>\n\t\t\t\t\t<\/div>\n\t\t\t\t<\/div>\n\t\t<div class=\"elementor-element elementor-element-fcd466f e-flex e-con-boxed wpr-particle-no wpr-jarallax-no wpr-parallax-no wpr-sticky-section-no e-con e-parent\" data-id=\"fcd466f\" data-element_type=\"container\">\n\t\t\t\t\t<div class=\"e-con-inner\">\n\t\t\t\t<div class=\"elementor-element elementor-element-7fb884f elementor-widget elementor-widget-heading\" data-id=\"7fb884f\" data-element_type=\"widget\" data-widget_type=\"heading.default\">\n\t\t\t\t\t<h2 class=\"elementor-heading-title elementor-size-default\">Lideran\u00e7a e Governan\u00e7a<\/h2>\t\t\t\t<\/div>\n\t\t\t\t\t<\/div>\n\t\t\t\t<\/div>\n\t\t<div class=\"elementor-element elementor-element-232510d e-flex e-con-boxed wpr-particle-no wpr-jarallax-no wpr-parallax-no wpr-sticky-section-no e-con e-parent\" data-id=\"232510d\" data-element_type=\"container\">\n\t\t\t\t\t<div class=\"e-con-inner\">\n\t\t\t\t<div class=\"elementor-element elementor-element-9f914b4 elementor-widget elementor-widget-text-editor\" data-id=\"9f914b4\" data-element_type=\"widget\" data-widget_type=\"text-editor.default\">\n\t\t\t\t\t\t\t\t\t<p>A Espiral \u00e9 conduzida por profissionais com forma\u00e7\u00e3o t\u00e9cnica s\u00f3lida, experi\u00eancia institucional e mais de 10 anos no setor!<\/p>\t\t\t\t\t\t\t\t<\/div>\n\t\t\t\t\t<\/div>\n\t\t\t\t<\/div>\n\t\t<div class=\"elementor-element elementor-element-8880cf6 e-flex e-con-boxed wpr-particle-no wpr-jarallax-no wpr-parallax-no wpr-sticky-section-no e-con e-parent\" data-id=\"8880cf6\" data-element_type=\"container\">\n\t\t\t\t\t<div class=\"e-con-inner\">\n\t\t\t\t<div class=\"elementor-element elementor-element-1a65e97 elementor-widget elementor-widget-heading\" data-id=\"1a65e97\" data-element_type=\"widget\" data-widget_type=\"heading.default\">\n\t\t\t\t\t<h2 class=\"elementor-heading-title elementor-size-default\">Main\u00e1 Vieira<\/h2>\t\t\t\t<\/div>\n\t\t\t\t\t<\/div>\n\t\t\t\t<\/div>\n\t\t<div class=\"elementor-element elementor-element-b5d3e66 e-flex e-con-boxed wpr-particle-no wpr-jarallax-no wpr-parallax-no wpr-sticky-section-no e-con e-parent\" data-id=\"b5d3e66\" data-element_type=\"container\">\n\t\t\t\t\t<div class=\"e-con-inner\">\n\t\t<div class=\"elementor-element elementor-element-7aafedf e-con-full e-flex wpr-particle-no wpr-jarallax-no wpr-parallax-no wpr-sticky-section-no e-con e-child\" data-id=\"7aafedf\" data-element_type=\"container\">\n\t\t\t\t<div class=\"elementor-element elementor-element-ffbe29e elementor-widget elementor-widget-image\" data-id=\"ffbe29e\" data-element_type=\"widget\" data-widget_type=\"image.default\">\n\t\t\t\t\t\t\t\t\t\t\t\t\t\t\t<img fetchpriority=\"high\" decoding=\"async\" width=\"769\" height=\"835\" src=\"https:\/\/espiralimaginativo.com.br\/wp-content\/uploads\/2026\/03\/Captura-de-tela-2026-03-06-232242.png\" class=\"attachment-large size-large wp-image-635\" alt=\"\" srcset=\"https:\/\/espiralimaginativo.com.br\/wp-content\/uploads\/2026\/03\/Captura-de-tela-2026-03-06-232242.png 769w, https:\/\/espiralimaginativo.com.br\/wp-content\/uploads\/2026\/03\/Captura-de-tela-2026-03-06-232242-276x300.png 276w\" sizes=\"(max-width: 769px) 100vw, 769px\" \/>\t\t\t\t\t\t\t\t\t\t\t\t\t\t\t<\/div>\n\t\t\t\t<\/div>\n\t\t<div class=\"elementor-element elementor-element-133cb97 e-con-full e-flex wpr-particle-no wpr-jarallax-no wpr-parallax-no wpr-sticky-section-no e-con e-child\" data-id=\"133cb97\" data-element_type=\"container\">\n\t\t\t\t<div class=\"elementor-element elementor-element-38eb8a6 elementor-widget elementor-widget-text-editor\" data-id=\"38eb8a6\" data-element_type=\"widget\" data-widget_type=\"text-editor.default\">\n\t\t\t\t\t\t\t\t\t<p data-start=\"557\" data-end=\"606\"><em data-start=\"557\" data-end=\"604\"><span dir=\"auto\" style=\"vertical-align: inherit;\"><span dir=\"auto\" style=\"vertical-align: inherit;\"><span dir=\"auto\" style=\"vertical-align: inherit;\">Cofundador | Dire\u00e7\u00e3o Estrat\u00e9gica e Governan\u00e7a<\/span><\/span><\/span><\/em><\/p><p data-start=\"613\" data-end=\"770\"><span dir=\"auto\" style=\"vertical-align: inherit;\">\u00c0 frente da dire\u00e7\u00e3o estrat\u00e9gica da Espiral Imaginativo, atua na articula\u00e7\u00e3o entre vis\u00e3o institucional, governan\u00e7a, gest\u00e3o financeira e mitiga\u00e7\u00e3o de riscos.\u00a0<\/span><span dir=\"auto\" style=\"vertical-align: inherit;\">Com forma\u00e7\u00e3o em Direito e MBA em Pol\u00edticas P\u00fablicas, possui experi\u00eancia em Direito Administrativo, licita\u00e7\u00f5es, gest\u00e3o p\u00fablica, compliance e governan\u00e7a, al\u00e9m de atua\u00e7\u00e3o em gest\u00e3o executiva financeira no campo cultural e social.<\/span><\/p><p data-start=\"1003\" data-end=\"1160\"><span dir=\"auto\" style=\"vertical-align: inherit;\"><span dir=\"auto\" style=\"vertical-align: inherit;\"><span dir=\"auto\" style=\"vertical-align: inherit;\">Sua condu\u00e7\u00e3o garante que as estrat\u00e9gias planejadas estejam alinhadas aos marcos legais, \u00e0s exig\u00eancias institucionais e \u00e0 sustentabilidade de longo prazo.<\/span><\/span><\/span><\/p>\t\t\t\t\t\t\t\t<\/div>\n\t\t\t\t<\/div>\n\t\t\t\t\t<\/div>\n\t\t\t\t<\/div>\n\t\t<div class=\"elementor-element elementor-element-98f196d e-flex e-con-boxed wpr-particle-no wpr-jarallax-no wpr-parallax-no wpr-sticky-section-no e-con e-parent\" data-id=\"98f196d\" data-element_type=\"container\">\n\t\t\t\t\t<div class=\"e-con-inner\">\n\t\t\t\t<div class=\"elementor-element elementor-element-29ecf17 elementor-widget elementor-widget-heading\" data-id=\"29ecf17\" data-element_type=\"widget\" data-widget_type=\"heading.default\">\n\t\t\t\t\t<h2 class=\"elementor-heading-title elementor-size-default\">Kaline C\u00e2mara <\/h2>\t\t\t\t<\/div>\n\t\t\t\t\t<\/div>\n\t\t\t\t<\/div>\n\t\t<div class=\"elementor-element elementor-element-a235e1c e-flex e-con-boxed wpr-particle-no wpr-jarallax-no wpr-parallax-no wpr-sticky-section-no e-con e-parent\" data-id=\"a235e1c\" data-element_type=\"container\">\n\t\t\t\t\t<div class=\"e-con-inner\">\n\t\t<div class=\"elementor-element elementor-element-53340c4 e-con-full e-flex wpr-particle-no wpr-jarallax-no wpr-parallax-no wpr-sticky-section-no e-con e-child\" data-id=\"53340c4\" data-element_type=\"container\">\n\t\t\t\t<div class=\"elementor-element elementor-element-89ac776 elementor-widget elementor-widget-image\" data-id=\"89ac776\" data-element_type=\"widget\" data-widget_type=\"image.default\">\n\t\t\t\t\t\t\t\t\t\t\t\t\t\t\t<img decoding=\"async\" width=\"196\" height=\"295\" src=\"https:\/\/espiralimaginativo.com.br\/wp-content\/uploads\/2026\/03\/Captura-de-tela-2026-03-06-232816.png\" class=\"attachment-medium size-medium wp-image-636\" alt=\"\" \/>\t\t\t\t\t\t\t\t\t\t\t\t\t\t\t<\/div>\n\t\t\t\t<\/div>\n\t\t<div class=\"elementor-element elementor-element-5522623 e-con-full e-flex wpr-particle-no wpr-jarallax-no wpr-parallax-no wpr-sticky-section-no e-con e-child\" data-id=\"5522623\" data-element_type=\"container\">\n\t\t\t\t<div class=\"elementor-element elementor-element-63b5d3c elementor-widget elementor-widget-text-editor\" data-id=\"63b5d3c\" data-element_type=\"widget\" data-widget_type=\"text-editor.default\">\n\t\t\t\t\t\t\t\t\t<p data-start=\"217\" data-end=\"275\"><em data-start=\"217\" data-end=\"273\"><span dir=\"auto\" style=\"vertical-align: inherit;\"><span dir=\"auto\" style=\"vertical-align: inherit;\"><span dir=\"auto\" style=\"vertical-align: inherit;\"><span dir=\"auto\" style=\"vertical-align: inherit;\"><span dir=\"auto\" style=\"vertical-align: inherit;\"><span dir=\"auto\" style=\"vertical-align: inherit;\"><span dir=\"auto\" style=\"vertical-align: inherit;\">Co-founder | Gest\u00e3o de Projetos e Documenta\u00e7\u00e3o T\u00e9cnica<\/span><\/span><\/span><\/span><\/span><\/span><\/span><\/em><\/p><p data-start=\"282\" data-end=\"387\"><span dir=\"auto\" style=\"vertical-align: inherit;\"><span dir=\"auto\" style=\"vertical-align: inherit;\"><span dir=\"auto\" style=\"vertical-align: inherit;\"><span dir=\"auto\" style=\"vertical-align: inherit;\"><span dir=\"auto\" style=\"vertical-align: inherit;\"><span dir=\"auto\" style=\"vertical-align: inherit;\"><span dir=\"auto\" style=\"vertical-align: inherit;\">Respons\u00e1vel pela estrutura\u00e7\u00e3o t\u00e9cnica de projetos, narrativas institucionais e documenta\u00e7\u00e3o avaliativa, com forma\u00e7\u00e3o em gest\u00e3o educacional, letras &#8211; Portugu\u00eas e uma experi\u00eancia e inenarr\u00e1vel na\u00a0<\/span><\/span><\/span><\/span><\/span><\/span><\/span><span style=\"font-size: 1rem;\"><span dir=\"auto\" style=\"vertical-align: inherit;\"><span dir=\"auto\" style=\"vertical-align: inherit;\"><span dir=\"auto\" style=\"vertical-align: inherit;\"><span dir=\"auto\" style=\"vertical-align: inherit;\"><span dir=\"auto\" style=\"vertical-align: inherit;\"><span dir=\"auto\" style=\"vertical-align: inherit;\"><span dir=\"auto\" style=\"vertical-align: inherit;\">elabora\u00e7\u00e3o de projetos, relat\u00f3rios t\u00e9cnicos, atestados de capacidade e estrat\u00e9gias de enquadramento, garantindo clareza t\u00e9cnica, consist\u00eancia textual e ader\u00eancia aos crit\u00e9rios dos editais.<\/span><\/span><\/span><\/span><\/span><\/span><\/span><\/span><\/p>\t\t\t\t\t\t\t\t<\/div>\n\t\t\t\t<\/div>\n\t\t\t\t\t<\/div>\n\t\t\t\t<\/div>\n\t\t<div class=\"elementor-element elementor-element-494ad60 e-flex e-con-boxed wpr-particle-no wpr-jarallax-no wpr-parallax-no wpr-sticky-section-no e-con e-parent\" data-id=\"494ad60\" data-element_type=\"container\">\n\t\t\t\t\t<div class=\"e-con-inner\">\n\t\t\t\t<div class=\"elementor-element elementor-element-41905ed elementor-widget elementor-widget-heading\" data-id=\"41905ed\" data-element_type=\"widget\" data-widget_type=\"heading.default\">\n\t\t\t\t\t<h2 class=\"elementor-heading-title elementor-size-default\">Juliane Vieira<\/h2>\t\t\t\t<\/div>\n\t\t\t\t\t<\/div>\n\t\t\t\t<\/div>\n\t\t<div class=\"elementor-element elementor-element-9f79491 e-flex e-con-boxed wpr-particle-no wpr-jarallax-no wpr-parallax-no wpr-sticky-section-no e-con e-parent\" data-id=\"9f79491\" data-element_type=\"container\">\n\t\t\t\t\t<div class=\"e-con-inner\">\n\t\t<div class=\"elementor-element elementor-element-8e40b02 e-con-full e-flex wpr-particle-no wpr-jarallax-no wpr-parallax-no wpr-sticky-section-no e-con e-child\" data-id=\"8e40b02\" data-element_type=\"container\">\n\t\t\t\t<div class=\"elementor-element elementor-element-781ad8e elementor-widget elementor-widget-image\" data-id=\"781ad8e\" data-element_type=\"widget\" data-widget_type=\"image.default\">\n\t\t\t\t\t\t\t\t\t\t\t\t\t\t\t<img decoding=\"async\" width=\"200\" height=\"305\" src=\"https:\/\/espiralimaginativo.com.br\/wp-content\/uploads\/2026\/03\/Captura-de-tela-2026-03-06-232824.png\" class=\"attachment-large size-large wp-image-637\" alt=\"\" srcset=\"https:\/\/espiralimaginativo.com.br\/wp-content\/uploads\/2026\/03\/Captura-de-tela-2026-03-06-232824.png 200w, https:\/\/espiralimaginativo.com.br\/wp-content\/uploads\/2026\/03\/Captura-de-tela-2026-03-06-232824-197x300.png 197w\" sizes=\"(max-width: 200px) 100vw, 200px\" \/>\t\t\t\t\t\t\t\t\t\t\t\t\t\t\t<\/div>\n\t\t\t\t<\/div>\n\t\t<div class=\"elementor-element elementor-element-f84e5a2 e-con-full e-flex wpr-particle-no wpr-jarallax-no wpr-parallax-no wpr-sticky-section-no e-con e-child\" data-id=\"f84e5a2\" data-element_type=\"container\">\n\t\t\t\t<div class=\"elementor-element elementor-element-c2c135d elementor-widget elementor-widget-text-editor\" data-id=\"c2c135d\" data-element_type=\"widget\" data-widget_type=\"text-editor.default\">\n\t\t\t\t\t\t\t\t\t<p data-start=\"216\" data-end=\"266\"><em data-start=\"216\" data-end=\"264\"><span dir=\"auto\" style=\"vertical-align: inherit;\"><span dir=\"auto\" style=\"vertical-align: inherit;\"><span dir=\"auto\" style=\"vertical-align: inherit;\"><span dir=\"auto\" style=\"vertical-align: inherit;\"><span dir=\"auto\" style=\"vertical-align: inherit;\">Co-founder | Coordena\u00e7\u00e3o T\u00e9cnica e Educacional<\/span><\/span><\/span><\/span><\/span><\/em><\/p><p data-start=\"273\" data-end=\"403\"><span dir=\"auto\" style=\"vertical-align: inherit;\"><span dir=\"auto\" style=\"vertical-align: inherit;\"><span dir=\"auto\" style=\"vertical-align: inherit;\"><span dir=\"auto\" style=\"vertical-align: inherit;\"><span dir=\"auto\" style=\"vertical-align: inherit;\">Atua na qualifica\u00e7\u00e3o pedag\u00f3gica, acessibilidade, impacto social e coer\u00eancia educacional dos projetos desenvolvidos pela Espiral.<\/span><\/span><\/span><\/span><\/span><\/p><p data-start=\"410\" data-end=\"622\"><span dir=\"auto\" style=\"vertical-align: inherit;\"><span dir=\"auto\" style=\"vertical-align: inherit;\"><span dir=\"auto\" style=\"vertical-align: inherit;\"><span dir=\"auto\" style=\"vertical-align: inherit;\"><span dir=\"auto\" style=\"vertical-align: inherit;\">Com ampla experi\u00eancia e forma\u00e7\u00e3o em educa\u00e7\u00e3o p\u00fablica, projetos sociais e pol\u00edticas educacionais, assegura que as iniciativas estruturadas mantenham alinhamento com princ\u00edpios de inclus\u00e3o, forma\u00e7\u00e3o e responsabilidade social.<\/span><\/span><\/span><\/span><\/span><\/p>\t\t\t\t\t\t\t\t<\/div>\n\t\t\t\t<\/div>\n\t\t\t\t\t<\/div>\n\t\t\t\t<\/div>\n\t\t<div class=\"elementor-element elementor-element-e91e8de e-flex e-con-boxed wpr-particle-no wpr-jarallax-no wpr-parallax-no wpr-sticky-section-no e-con e-parent\" data-id=\"e91e8de\" data-element_type=\"container\">\n\t\t\t\t\t<div class=\"e-con-inner\">\n\t\t\t\t<div class=\"elementor-element elementor-element-dcda057 elementor-widget elementor-widget-heading\" data-id=\"dcda057\" data-element_type=\"widget\" data-widget_type=\"heading.default\">\n\t\t\t\t\t<h2 class=\"elementor-heading-title elementor-size-default\">Por que escolher a Espiral Imaginativo?<\/h2>\t\t\t\t<\/div>\n\t\t\t\t\t<\/div>\n\t\t\t\t<\/div>\n\t\t<div class=\"elementor-element elementor-element-4d7eacb e-flex e-con-boxed wpr-particle-no wpr-jarallax-no wpr-parallax-no wpr-sticky-section-no e-con e-parent\" data-id=\"4d7eacb\" data-element_type=\"container\">\n\t\t\t\t\t<div class=\"e-con-inner\">\n\t\t\t\t<div class=\"elementor-element elementor-element-6706702 elementor-widget elementor-widget-text-editor\" data-id=\"6706702\" data-element_type=\"widget\" data-widget_type=\"text-editor.default\">\n\t\t\t\t\t\t\t\t\t<p data-start=\"495\" data-end=\"585\"><span dir=\"auto\" style=\"vertical-align: inherit;\"><span dir=\"auto\" style=\"vertical-align: inherit;\">Criamos, junto aos nossos clientes, novos pilares financeiros estruturados, baseados em:<\/span><\/span><\/p>\n<p data-start=\"592\" data-end=\"706\"><span dir=\"auto\" style=\"vertical-align: inherit;\"><span dir=\"auto\" style=\"vertical-align: inherit;\">\u2013 receita recorrente <\/span><\/span><br data-start=\"612\" data-end=\"615\"><span dir=\"auto\" style=\"vertical-align: inherit;\"><span dir=\"auto\" style=\"vertical-align: inherit;\">\u2013 seguran\u00e7a jur\u00eddica <\/span><\/span><br data-start=\"637\" data-end=\"640\"><span dir=\"auto\" style=\"vertical-align: inherit;\"><span dir=\"auto\" style=\"vertical-align: inherit;\">\u2013 previsibilidade institucional <\/span><\/span><br data-start=\"673\" data-end=\"676\"><span dir=\"auto\" style=\"vertical-align: inherit;\"><span dir=\"auto\" style=\"vertical-align: inherit;\">\u2013 sustenta\u00e7\u00e3o de longo prazo<\/span><\/span><\/p><p data-start=\"592\" data-end=\"706\"><span dir=\"auto\" style=\"vertical-align: inherit;\"><span dir=\"auto\" style=\"vertical-align: inherit;\">Aumente a sua receita com passos s\u00f3lidos, conte com a espiral.<\/span><\/span><\/p>\t\t\t\t\t\t\t\t<\/div>\n\t\t\t\t\t<\/div>\n\t\t\t\t<\/div>\n\t\t<div class=\"elementor-element elementor-element-04a86cd e-flex e-con-boxed wpr-particle-no wpr-jarallax-no wpr-parallax-no wpr-sticky-section-no e-con e-parent\" data-id=\"04a86cd\" data-element_type=\"container\">\n\t\t\t\t\t<div class=\"e-con-inner\">\n\t\t\t\t<div class=\"elementor-element elementor-element-a7a2a20 elementor-widget elementor-widget-button\" data-id=\"a7a2a20\" data-element_type=\"widget\" data-widget_type=\"button.default\">\n\t\t\t\t\t\t\t\t\t\t<a class=\"elementor-button elementor-button-link elementor-size-sm\" href=\"https:\/\/wa.me\/5511943578669\">\n\t\t\t\t\t\t<span class=\"elementor-button-content-wrapper\">\n\t\t\t\t\t\t\t\t\t<span class=\"elementor-button-text\">Fale com a Espiral <\/span>\n\t\t\t\t\t<\/span>\n\t\t\t\t\t<\/a>\n\t\t\t\t\t\t\t\t<\/div>\n\t\t\t\t\t<\/div>\n\t\t\t\t<\/div>\n\t\t<div class=\"elementor-element elementor-element-3078a62 e-flex e-con-boxed wpr-particle-no wpr-jarallax-no wpr-parallax-no wpr-sticky-section-no e-con e-parent\" data-id=\"3078a62\" data-element_type=\"container\">\n\t\t\t\t\t<div class=\"e-con-inner\">\n\t\t\t\t\t<\/div>\n\t\t\t\t<\/div>\n\t\t\t\t<\/div>\n\t\t","protected":false},"excerpt":{"rendered":"<p>Sobre a Espiral Imaginativo A Espiral Imaginativo \u00e9 uma consultoria estrat\u00e9gica especializada em editais do Sistema S, como o Sebrae, fomento e Leis de incentivo. Atuamos na interface entre criatividade, pol\u00edticas p\u00fablicas e sistemas formais de contrata\u00e7\u00e3o, mudando ideias, conhecimentos e experi\u00eancias em ativos institucionais sustent\u00e1veis.\u00a0 Como atuamos Nosso m\u00e9todo implica uma Espiral de oportunidades, atuamos de forma orientada por rigor institucional e leitura estrat\u00e9gica de contexto e edital.Trabalhamos com an\u00e1lise t\u00e9cnica e jur\u00eddica, desenho de estrat\u00e9gias de entrada e expans\u00e3o, organiza\u00e7\u00e3o documental e acompanhamento respons\u00e1vel dos ciclos de projetos e contratos. Lideran\u00e7a e Governan\u00e7a A Espiral \u00e9 conduzida por profissionais com forma\u00e7\u00e3o t\u00e9cnica s\u00f3lida, experi\u00eancia institucional e mais de 10 anos no setor! Main\u00e1 Vieira Cofundador | Dire\u00e7\u00e3o Estrat\u00e9gica e Governan\u00e7a \u00c0 frente da dire\u00e7\u00e3o estrat\u00e9gica da Espiral Imaginativo, atua na articula\u00e7\u00e3o entre vis\u00e3o institucional, governan\u00e7a, gest\u00e3o financeira e mitiga\u00e7\u00e3o de riscos.\u00a0Com forma\u00e7\u00e3o em Direito e MBA em Pol\u00edticas P\u00fablicas, possui experi\u00eancia em Direito Administrativo, licita\u00e7\u00f5es, gest\u00e3o p\u00fablica, compliance e governan\u00e7a, al\u00e9m de atua\u00e7\u00e3o em gest\u00e3o executiva financeira no campo cultural e social. Sua condu\u00e7\u00e3o garante que as estrat\u00e9gias planejadas estejam alinhadas aos marcos legais, \u00e0s exig\u00eancias institucionais e \u00e0 sustentabilidade de longo prazo. Kaline C\u00e2mara Co-founder | Gest\u00e3o de Projetos e Documenta\u00e7\u00e3o T\u00e9cnica Respons\u00e1vel pela estrutura\u00e7\u00e3o t\u00e9cnica de projetos, narrativas institucionais e documenta\u00e7\u00e3o avaliativa, com forma\u00e7\u00e3o em gest\u00e3o educacional, letras &#8211; Portugu\u00eas e uma experi\u00eancia e inenarr\u00e1vel na\u00a0elabora\u00e7\u00e3o de projetos, relat\u00f3rios t\u00e9cnicos, atestados de capacidade e estrat\u00e9gias de enquadramento, garantindo clareza t\u00e9cnica, consist\u00eancia textual e ader\u00eancia aos crit\u00e9rios dos editais. Juliane Vieira Co-founder | Coordena\u00e7\u00e3o T\u00e9cnica e Educacional Atua na qualifica\u00e7\u00e3o pedag\u00f3gica, acessibilidade, impacto social e coer\u00eancia educacional dos projetos desenvolvidos pela Espiral. Com ampla experi\u00eancia e forma\u00e7\u00e3o em educa\u00e7\u00e3o p\u00fablica, projetos sociais e pol\u00edticas educacionais, assegura que as iniciativas estruturadas mantenham alinhamento com princ\u00edpios de inclus\u00e3o, forma\u00e7\u00e3o e responsabilidade social. Por que escolher a Espiral Imaginativo? Criamos, junto aos nossos clientes, novos pilares financeiros estruturados, baseados em: \u2013 receita recorrente \u2013 seguran\u00e7a jur\u00eddica \u2013 previsibilidade institucional \u2013 sustenta\u00e7\u00e3o de longo prazo Aumente a sua receita com passos s\u00f3lidos, conte com a espiral. Fale com a Espiral<\/p>\n","protected":false},"author":1,"featured_media":0,"parent":0,"menu_order":0,"comment_status":"closed","ping_status":"closed","template":"","meta":{"footnotes":""},"class_list":["post-286","page","type-page","status-publish","hentry"],"_links":{"self":[{"href":"https:\/\/espiralimaginativo.com.br\/index.php\/wp-json\/wp\/v2\/pages\/286","targetHints":{"allow":["GET"]}}],"collection":[{"href":"https:\/\/espiralimaginativo.com.br\/index.php\/wp-json\/wp\/v2\/pages"}],"about":[{"href":"https:\/\/espiralimaginativo.com.br\/index.php\/wp-json\/wp\/v2\/types\/page"}],"author":[{"embeddable":true,"href":"https:\/\/espiralimaginativo.com.br\/index.php\/wp-json\/wp\/v2\/users\/1"}],"replies":[{"embeddable":true,"href":"https:\/\/espiralimaginativo.com.br\/index.php\/wp-json\/wp\/v2\/comments?post=286"}],"version-history":[{"count":23,"href":"https:\/\/espiralimaginativo.com.br\/index.php\/wp-json\/wp\/v2\/pages\/286\/revisions"}],"predecessor-version":[{"id":690,"href":"https:\/\/espiralimaginativo.com.br\/index.php\/wp-json\/wp\/v2\/pages\/286\/revisions\/690"}],"wp:attachment":[{"href":"https:\/\/espiralimaginativo.com.br\/index.php\/wp-json\/wp\/v2\/media?parent=286"}],"curies":[{"name":"wp","href":"https:\/\/api.w.org\/{rel}","templated":true}]}}